{"id":890,"date":"2021-06-19T23:14:15","date_gmt":"2021-06-19T23:14:15","guid":{"rendered":"https:\/\/nauthemes.com\/wp\/neurology\/?page_id=890"},"modified":"2024-10-01T20:25:04","modified_gmt":"2024-10-01T20:25:04","slug":"kontakt","status":"publish","type":"page","link":"https:\/\/lebedovskymlyn.cz\/en\/kontakt\/","title":{"rendered":"Kontakt"},"content":{"rendered":"<div data-elementor-type=\"wp-page\" data-elementor-id=\"890\" class=\"elementor elementor-890\">\n\t\t\t\t\t\t<section class=\"elementor-section elementor-top-section elementor-element elementor-element-d509473 elementor-section-full_width elementor-section-stretched elementor-section-height-default elementor-section-height-default\" data-id=\"d509473\" data-element_type=\"section\" data-e-type=\"section\" data-settings=\"{&quot;stretch_section&quot;:&quot;section-stretched&quot;}\">\n\t\t\t\t\t\t<div class=\"elementor-container elementor-column-gap-no\">\n\t\t\t\t\t<div class=\"elementor-column elementor-col-100 elementor-top-column elementor-element elementor-element-82b324e\" data-id=\"82b324e\" data-element_type=\"column\" data-e-type=\"column\">\n\t\t\t<div class=\"elementor-widget-wrap elementor-element-populated\">\n\t\t\t\t\t\t<div class=\"elementor-element elementor-element-1bb15e9 elementor-widget elementor-widget-appointment_form_time\" data-id=\"1bb15e9\" data-element_type=\"widget\" data-e-type=\"widget\" data-widget_type=\"appointment_form_time.default\">\n\t\t\t\t<div class=\"elementor-widget-container\">\n\t\t\t\t\t\t\t\n\t\t<section>\n\t\t\t<div class=\"set-it-center w-100 pt-100 gray-layer opc2 pb-100 position-relative\">\n\t\t\t\t\t\t\t\t\t<div class=\"fixed-bg\" style=\"background-image: url(https:\/\/nauthemes.com\/wp\/jocey\/wp-content\/uploads\/2022\/08\/1920x1280.png);\"><\/div>\n\t\t\t\t\t\t\t\t<div class=\"container\">\n\t\t\t\t\t<div class=\"get-time-request-wrap position-relative w-100\">\n\t\t\t\t\t\t<div class=\"row mrg30\">\n\t\t\t\t\t\t\t<div class=\"col-md-12 col-sm-12 col-lg-6\">\n\t\t\t\t\t\t\t\t<div class=\"request-consult-wrap2 z1 brd-rd10 position-relative overflow-hidden scndry-layer opc98 text-center w-100\" style=\"background-image: url(https:\/\/lebedovskymlyn.cz\/wp-content\/themes\/jocey\/assets\/images\/pattern-bg1.jpg)\">\n\t\t\t\t\t\t\t\t\t\t\t\t\t\t\t\t\t\t\t<div class=\"request-consult-title2 w-100\">\n\t\t\t\t\t\t\t\t\t\t\t<h3 class=\"mb-0\">Kontaktn\u00ed formul\u00e1\u0159<\/h3>\t\t\t\t\t\t\t\t\t\t\t\t\t\t\t\t\t\t\t\t\t<\/div>\n\t\t\t\t\t\t\t\t\t\t\t\t\t\t\t\t\t\t\t\t\t\t\t\t\t\t\t\t<div class=\"w-100 d-inline-block\">\n\t\t\t\t\t\t\t\t\t\t\t\n<div class=\"wpcf7 no-js\" id=\"wpcf7-f805-o1\" lang=\"en-US\" dir=\"ltr\" data-wpcf7-id=\"805\">\n<div class=\"screen-reader-response\"><p role=\"status\" aria-live=\"polite\" aria-atomic=\"true\"><\/p> <ul><\/ul><\/div>\n<form action=\"\/en\/wp-json\/wp\/v2\/pages\/890#wpcf7-f805-o1\" method=\"post\" class=\"wpcf7-form init\" aria-label=\"Contact form\" novalidate=\"novalidate\" data-status=\"init\" data-trp-original-action=\"\/en\/wp-json\/wp\/v2\/pages\/890#wpcf7-f805-o1\">\n<fieldset class=\"hidden-fields-container\"><input type=\"hidden\" name=\"_wpcf7\" value=\"805\" \/><input type=\"hidden\" name=\"_wpcf7_version\" value=\"6.1\" \/><input type=\"hidden\" name=\"_wpcf7_locale\" value=\"en_US\" \/><input type=\"hidden\" name=\"_wpcf7_unit_tag\" value=\"wpcf7-f805-o1\" \/><input type=\"hidden\" name=\"_wpcf7_container_post\" value=\"0\" \/><input type=\"hidden\" name=\"_wpcf7_posted_data_hash\" value=\"\" \/><input type=\"hidden\" name=\"_wpcf7_recaptcha_response\" value=\"\" \/>\n<\/fieldset>\n<p><span class=\"wpcf7-form-control-wrap\" data-name=\"text-242\"><input size=\"40\" maxlength=\"400\" class=\"wpcf7-form-control wpcf7-text brd-rd10\" aria-invalid=\"false\" placeholder=\"Va\u0161e jm\u00e9no*\" value=\"\" type=\"text\" name=\"text-242\" \/><\/span>\n<\/p>\n<p><span class=\"wpcf7-form-control-wrap\" data-name=\"email-282\"><input size=\"40\" maxlength=\"400\" class=\"wpcf7-form-control wpcf7-email wpcf7-text wpcf7-validates-as-email brd-rd10\" aria-invalid=\"false\" placeholder=\"V\u00e1\u0161 email*\" value=\"\" type=\"email\" name=\"email-282\" \/><\/span>\n<\/p>\n<p><span class=\"wpcf7-form-control-wrap\" data-name=\"textarea-825\"><textarea cols=\"40\" rows=\"10\" maxlength=\"2000\" class=\"wpcf7-form-control wpcf7-textarea brd-rd10\" aria-invalid=\"false\" placeholder=\"Va\u0161e zpr\u00e1va\" name=\"textarea-825\"><\/textarea><\/span><br \/>\n<input class=\"wpcf7-form-control wpcf7-submit has-spinner thm-btn scndry-bg brd-rd10 position-relative overflow-hidden\" type=\"submit\" value=\"ODESLAT\" \/>\n<\/p><p style=\"display: none !important;\" class=\"akismet-fields-container\" data-prefix=\"_wpcf7_ak_\"><label>&#916;<textarea name=\"_wpcf7_ak_hp_textarea\" cols=\"45\" rows=\"8\" maxlength=\"100\"><\/textarea><\/label><input type=\"hidden\" id=\"ak_js_1\" name=\"_wpcf7_ak_js\" value=\"193\"\/><script>document.getElementById( \"ak_js_1\" ).setAttribute( \"value\", ( new Date() ).getTime() );<\/script><\/p><div class=\"wpcf7-response-output\" aria-hidden=\"true\"><\/div>\n<input type=\"hidden\" name=\"trp-form-language\" value=\"en\"\/><\/form>\n<\/div>\n\t\t\t\t\t\t\t\t\t\t<\/div>\n\t\t\t\t\t\t\t\t\t\t\t\t\t\t\t\t\t<\/div>\n\t\t\t\t\t\t\t<\/div>                                \n\t\t\t\t\t\t\t<div class=\"col-md-12 col-sm-12 col-lg-6\">\n\t\t\t\t\t\t\t\t<div class=\"get-time-wrap position-relative w-100\">\n\t\t\t\t\t\t\t\t\t<div class=\"get-time-inner d-inline-block w-100\">\n\t\t\t\t\t\t\t\t\t\t\t\t\t\t\t\t\t\t\t\t\t<div class=\"sec-title v2 w-100\">\n\t\t\t\t\t\t\t\t\t\t\t\t<div class=\"sec-title-inner\">\n\t\t\t\t\t\t\t\t\t\t\t\t\t\t\t\t\t\t\t\t\t\t\t\t\t\t<h2 class=\"mb-0\">Kontaktn\u00ed \u00fadaje<\/h2>\t\t\t\t\t\t\t\t\t\t\t\t\t<p class=\"mb-0\">Chcete se domluvit na spolupr\u00e1ci nebo n\u00e1s jen nav\u0161t\u00edvit?<br><br> Nev\u00e1hejte n\u00e1s kontaktovat telefonicky, p\u0159es email nebo m\u016f\u017eete vyu\u017e\u00edt kontaktn\u00edho formul\u00e1\u0159e.<\/p>\t\t\t\t\t\t\t\t\t\t\t\t<\/div>\n\t\t\t\t\t\t\t\t\t\t\t<\/div><!-- Sec Title -->\n\t\t\t\t\t\t\t\t\t\t\t\t\t\t\t\t\t\t\t\t\n\t\t\t\t\t\t\t\t\t\t<div class=\"get-time-box brd-rd10 bg-white w-100\">\n\t\t\t\t\t\t\t\t\t\t\t\t\t\t\t\t\t\t\t\t\t\t\t\t<span class=\"d-flex flex-wrap justify-content-between align-items-center w-100\">Lebedovsk\u00fd ml\u00fdn <br> H\u0159eb\u010d\u00edn Galat\u00edk <i>I\u010c: 04711033 <br>I\u010c: 09403183<\/i><\/span>\n\t\t\t\t\t\t\t\t\t\t\t\t  \t\t\t\t\t\t\t\t\t\t\t\t\t<span class=\"d-flex flex-wrap justify-content-between align-items-center w-100\">Jednatel: <br> Jednatel:  <i>Mgr. Jana Galat\u00edkov\u00e1 <br> Ing. Petr Galat\u00edk<\/i><\/span>\n\t\t\t\t\t\t\t\t\t\t\t\t  \t\t\t\t\t\t\t\t\t\t\t\t\t<span class=\"d-flex flex-wrap justify-content-between align-items-center w-100\">Tel: <br> Tel: <i>+420 608 545 606 <br> +420 602 741 251<\/i><\/span>\n\t\t\t\t\t\t\t\t\t\t\t\t  \t\t\t\t\t\t\t\t\t\t\t\t\t<span class=\"d-flex flex-wrap justify-content-between align-items-center w-100\">Email: <br>Email: <i>info@lebedovskymlyn.cz <br> petr.galatik@g3.cz<\/i><\/span>\n\t\t\t\t\t\t\t\t\t\t\t\t  \t\t\t\t\t\t\t\t\t\t\t\t\t<span class=\"d-flex flex-wrap justify-content-between align-items-center w-100\">Adresa: <i>Lebedov 108, 768 02 Zdounky<\/i><\/span>\n\t\t\t\t\t\t\t\t\t\t\t\t  \t\t\t\t\t\t\t\t\t\t<\/div>   \n\t\t\t\t\t\t\t\t\t\t\t\t\t\t\t\t\t\t\t<\/div>\n\t\t\t\t\t\t\t\t<\/div>\n\t\t\t\t\t\t\t<\/div>\n\t\t\t\t\t\t<\/div>\n\t\t\t\t\t<\/div><!-- Get Time & Request Consultation Wrap -->\n\t\t\t\t<\/div>\n\t\t\t<\/div>\n\t\t<\/section>\n\n\t\t\t\t\t\t<\/div>\n\t\t\t\t<\/div>\n\t\t\t\t\t<\/div>\n\t\t<\/div>\n\t\t\t\t\t<\/div>\n\t\t<\/section>\n\t\t\t\t<\/div>","protected":false},"excerpt":{"rendered":"<p>Kontaktn\u00ed formul\u00e1\u0159 &#916; Kontaktn\u00ed \u00fadaje Chcete se domluvit na spolupr\u00e1ci nebo n\u00e1s jen nav\u0161t\u00edvit? Nev\u00e1hejte n\u00e1s kontaktovat telefonicky, p\u0159es email nebo m\u016f\u017eete vyu\u017e\u00edt kontaktn\u00edho formul\u00e1\u0159e. Lebedovsk\u00fd ml\u00fdn H\u0159eb\u010d\u00edn Galat\u00edk I\u010c: 04711033 I\u010c: 09403183 Jednatel: Jednatel: Mgr. Jana Galat\u00edkov\u00e1 Ing. Petr Galat\u00edk Tel: Tel: +420 608 545 606 +420 602 741 [&hellip;]<\/p>","protected":false},"author":1,"featured_media":0,"parent":0,"menu_order":0,"comment_status":"closed","ping_status":"closed","template":"","meta":{"footnotes":""},"class_list":["post-890","page","type-page","status-publish","hentry"],"yoast_head":"<!-- This site is optimized with the Yoast SEO plugin v27.4 - https:\/\/yoast.com\/product\/yoast-seo-wordpress\/ -->\n<title>Kontakt - Lebedovsk\u00fd ml\u00fdn, H\u0159eb\u010d\u00edn Galat\u00edk<\/title>\n<meta name=\"description\" content=\"M\u00edsto, kde najdete h\u0159eb\u010d\u00edn, ml\u00e9k\u00e1rnu a kr\u00e1sn\u00e9 prost\u0159ed\u00ed. Chov plemenn\u00fdch h\u0159ebc\u016f moravsk\u00e9ho teplokrevn\u00edka. Lebedov 108, 768 02. H\u0159eb\u010d\u00edn Galat\u00edk are\u00e1l Lebedovsk\u00fd ml\u00fdn.\" \/>\n<meta name=\"robots\" content=\"index, follow, max-snippet:-1, max-image-preview:large, max-video-preview:-1\" \/>\n<link rel=\"canonical\" href=\"https:\/\/lebedovskymlyn.cz\/en\/kontakt\/\" \/>\n<meta property=\"og:locale\" content=\"en_GB\" \/>\n<meta property=\"og:type\" content=\"article\" \/>\n<meta property=\"og:title\" content=\"Lebedovsk\u00fd ml\u00fdn, H\u0159eb\u010d\u00edn Galat\u00edk are\u00e1l Lebedosdk\u00fd ml\u00fdn\" \/>\n<meta property=\"og:description\" content=\"M\u00edsto, kde najdete h\u0159eb\u010d\u00edn, ml\u00e9k\u00e1rnu a kr\u00e1sn\u00e9 prost\u0159ed\u00ed. Chov plemenn\u00fdch h\u0159ebc\u016f moravsk\u00e9ho teplokrevn\u00edka. Lebedov 108, 768 02. H\u0159eb\u010d\u00edn Galat\u00edk are\u00e1l Lebedovsk\u00fd ml\u00fdn.\" \/>\n<meta property=\"og:url\" content=\"https:\/\/lebedovskymlyn.cz\/en\/kontakt\/\" \/>\n<meta property=\"og:site_name\" content=\"Lebedovsk\u00fd ml\u00fdn, H\u0159eb\u010d\u00edn Galat\u00edk\" \/>\n<meta property=\"article:publisher\" content=\"https:\/\/www.facebook.com\/profile.php?id=100063887830691\" \/>\n<meta property=\"article:modified_time\" content=\"2024-10-01T20:25:04+00:00\" \/>\n<meta property=\"og:image\" content=\"https:\/\/lebedovskymlyn.cz\/wp-content\/uploads\/2022\/09\/lebedovskymlyn_hnedapng.png\" \/>\n\t<meta property=\"og:image:width\" content=\"6396\" \/>\n\t<meta property=\"og:image:height\" content=\"3896\" \/>\n\t<meta property=\"og:image:type\" content=\"image\/png\" \/>\n<meta name=\"twitter:card\" content=\"summary_large_image\" \/>\n<meta name=\"twitter:label1\" content=\"Estimated reading time\" \/>\n\t<meta name=\"twitter:data1\" content=\"1 minute\" \/>\n<script type=\"application\/ld+json\" class=\"yoast-schema-graph\">{\"@context\":\"https:\\\/\\\/schema.org\",\"@graph\":[{\"@type\":\"WebPage\",\"@id\":\"https:\\\/\\\/lebedovskymlyn.cz\\\/en\\\/kontakt\\\/\",\"url\":\"https:\\\/\\\/lebedovskymlyn.cz\\\/en\\\/kontakt\\\/\",\"name\":\"Kontakt - Lebedovsk\u00fd ml\u00fdn, H\u0159eb\u010d\u00edn Galat\u00edk\",\"isPartOf\":{\"@id\":\"https:\\\/\\\/lebedovskymlyn.cz\\\/en\\\/#website\"},\"datePublished\":\"2021-06-19T23:14:15+00:00\",\"dateModified\":\"2024-10-01T20:25:04+00:00\",\"description\":\"M\u00edsto, kde najdete h\u0159eb\u010d\u00edn, ml\u00e9k\u00e1rnu a kr\u00e1sn\u00e9 prost\u0159ed\u00ed. Chov plemenn\u00fdch h\u0159ebc\u016f moravsk\u00e9ho teplokrevn\u00edka. Lebedov 108, 768 02. H\u0159eb\u010d\u00edn Galat\u00edk are\u00e1l Lebedovsk\u00fd ml\u00fdn.\",\"breadcrumb\":{\"@id\":\"https:\\\/\\\/lebedovskymlyn.cz\\\/en\\\/kontakt\\\/#breadcrumb\"},\"inLanguage\":\"en-GB\",\"potentialAction\":[{\"@type\":\"ReadAction\",\"target\":[\"https:\\\/\\\/lebedovskymlyn.cz\\\/en\\\/kontakt\\\/\"]}]},{\"@type\":\"BreadcrumbList\",\"@id\":\"https:\\\/\\\/lebedovskymlyn.cz\\\/en\\\/kontakt\\\/#breadcrumb\",\"itemListElement\":[{\"@type\":\"ListItem\",\"position\":1,\"name\":\"Dom\u016f\",\"item\":\"https:\\\/\\\/lebedovskymlyn.cz\\\/\"},{\"@type\":\"ListItem\",\"position\":2,\"name\":\"Kontakt\"}]},{\"@type\":\"WebSite\",\"@id\":\"https:\\\/\\\/lebedovskymlyn.cz\\\/en\\\/#website\",\"url\":\"https:\\\/\\\/lebedovskymlyn.cz\\\/en\\\/\",\"name\":\"Lebedovsk\u00fd ml\u00fdn, H\u0159eb\u010d\u00edn Galat\u00edk\",\"description\":\"Lebedovsk\u00fd ml\u00fdn, H\u0159eb\u010d\u00edn Galat\u00edk are\u00e1l Lebedosdk\u00fd ml\u00fdn\",\"publisher\":{\"@id\":\"https:\\\/\\\/lebedovskymlyn.cz\\\/en\\\/#organization\"},\"potentialAction\":[{\"@type\":\"SearchAction\",\"target\":{\"@type\":\"EntryPoint\",\"urlTemplate\":\"https:\\\/\\\/lebedovskymlyn.cz\\\/en\\\/?s={search_term_string}\"},\"query-input\":{\"@type\":\"PropertyValueSpecification\",\"valueRequired\":true,\"valueName\":\"search_term_string\"}}],\"inLanguage\":\"en-GB\"},{\"@type\":\"Organization\",\"@id\":\"https:\\\/\\\/lebedovskymlyn.cz\\\/en\\\/#organization\",\"name\":\"Lebedovsk\u00fd ml\u00fdn z.s.\",\"url\":\"https:\\\/\\\/lebedovskymlyn.cz\\\/en\\\/\",\"logo\":{\"@type\":\"ImageObject\",\"inLanguage\":\"en-GB\",\"@id\":\"https:\\\/\\\/lebedovskymlyn.cz\\\/en\\\/#\\\/schema\\\/logo\\\/image\\\/\",\"url\":\"https:\\\/\\\/lebedovskymlyn.cz\\\/wp-content\\\/uploads\\\/2022\\\/09\\\/lebedovskymlyn_hnedapng.png\",\"contentUrl\":\"https:\\\/\\\/lebedovskymlyn.cz\\\/wp-content\\\/uploads\\\/2022\\\/09\\\/lebedovskymlyn_hnedapng.png\",\"width\":6396,\"height\":3896,\"caption\":\"Lebedovsk\u00fd ml\u00fdn z.s.\"},\"image\":{\"@id\":\"https:\\\/\\\/lebedovskymlyn.cz\\\/en\\\/#\\\/schema\\\/logo\\\/image\\\/\"},\"sameAs\":[\"https:\\\/\\\/www.facebook.com\\\/profile.php?id=100063887830691\"]}]}<\/script>\n<!-- \/ Yoast SEO plugin. -->","yoast_head_json":{"title":"Kontakt - Lebedovsk\u00fd ml\u00fdn, H\u0159eb\u010d\u00edn Galat\u00edk","description":"M\u00edsto, kde najdete h\u0159eb\u010d\u00edn, ml\u00e9k\u00e1rnu a kr\u00e1sn\u00e9 prost\u0159ed\u00ed. Chov plemenn\u00fdch h\u0159ebc\u016f moravsk\u00e9ho teplokrevn\u00edka. Lebedov 108, 768 02. H\u0159eb\u010d\u00edn Galat\u00edk are\u00e1l Lebedovsk\u00fd ml\u00fdn.","robots":{"index":"index","follow":"follow","max-snippet":"max-snippet:-1","max-image-preview":"max-image-preview:large","max-video-preview":"max-video-preview:-1"},"canonical":"https:\/\/lebedovskymlyn.cz\/en\/kontakt\/","og_locale":"en_GB","og_type":"article","og_title":"Lebedovsk\u00fd ml\u00fdn, H\u0159eb\u010d\u00edn Galat\u00edk are\u00e1l Lebedosdk\u00fd ml\u00fdn","og_description":"M\u00edsto, kde najdete h\u0159eb\u010d\u00edn, ml\u00e9k\u00e1rnu a kr\u00e1sn\u00e9 prost\u0159ed\u00ed. Chov plemenn\u00fdch h\u0159ebc\u016f moravsk\u00e9ho teplokrevn\u00edka. Lebedov 108, 768 02. H\u0159eb\u010d\u00edn Galat\u00edk are\u00e1l Lebedovsk\u00fd ml\u00fdn.","og_url":"https:\/\/lebedovskymlyn.cz\/en\/kontakt\/","og_site_name":"Lebedovsk\u00fd ml\u00fdn, H\u0159eb\u010d\u00edn Galat\u00edk","article_publisher":"https:\/\/www.facebook.com\/profile.php?id=100063887830691","article_modified_time":"2024-10-01T20:25:04+00:00","og_image":[{"width":6396,"height":3896,"url":"https:\/\/lebedovskymlyn.cz\/wp-content\/uploads\/2022\/09\/lebedovskymlyn_hnedapng.png","type":"image\/png"}],"twitter_card":"summary_large_image","twitter_misc":{"Estimated reading time":"1 minute"},"schema":{"@context":"https:\/\/schema.org","@graph":[{"@type":"WebPage","@id":"https:\/\/lebedovskymlyn.cz\/en\/kontakt\/","url":"https:\/\/lebedovskymlyn.cz\/en\/kontakt\/","name":"Kontakt - Lebedovsk\u00fd ml\u00fdn, H\u0159eb\u010d\u00edn Galat\u00edk","isPartOf":{"@id":"https:\/\/lebedovskymlyn.cz\/en\/#website"},"datePublished":"2021-06-19T23:14:15+00:00","dateModified":"2024-10-01T20:25:04+00:00","description":"M\u00edsto, kde najdete h\u0159eb\u010d\u00edn, ml\u00e9k\u00e1rnu a kr\u00e1sn\u00e9 prost\u0159ed\u00ed. Chov plemenn\u00fdch h\u0159ebc\u016f moravsk\u00e9ho teplokrevn\u00edka. Lebedov 108, 768 02. H\u0159eb\u010d\u00edn Galat\u00edk are\u00e1l Lebedovsk\u00fd ml\u00fdn.","breadcrumb":{"@id":"https:\/\/lebedovskymlyn.cz\/en\/kontakt\/#breadcrumb"},"inLanguage":"en-GB","potentialAction":[{"@type":"ReadAction","target":["https:\/\/lebedovskymlyn.cz\/en\/kontakt\/"]}]},{"@type":"BreadcrumbList","@id":"https:\/\/lebedovskymlyn.cz\/en\/kontakt\/#breadcrumb","itemListElement":[{"@type":"ListItem","position":1,"name":"Dom\u016f","item":"https:\/\/lebedovskymlyn.cz\/"},{"@type":"ListItem","position":2,"name":"Kontakt"}]},{"@type":"WebSite","@id":"https:\/\/lebedovskymlyn.cz\/en\/#website","url":"https:\/\/lebedovskymlyn.cz\/en\/","name":"Lebedovsk\u00fd ml\u00fdn, H\u0159eb\u010d\u00edn Galat\u00edk","description":"Lebedovsk\u00fd ml\u00fdn, H\u0159eb\u010d\u00edn Galat\u00edk are\u00e1l Lebedosdk\u00fd ml\u00fdn","publisher":{"@id":"https:\/\/lebedovskymlyn.cz\/en\/#organization"},"potentialAction":[{"@type":"SearchAction","target":{"@type":"EntryPoint","urlTemplate":"https:\/\/lebedovskymlyn.cz\/en\/?s={search_term_string}"},"query-input":{"@type":"PropertyValueSpecification","valueRequired":true,"valueName":"search_term_string"}}],"inLanguage":"en-GB"},{"@type":"Organization","@id":"https:\/\/lebedovskymlyn.cz\/en\/#organization","name":"Lebedovsk\u00fd ml\u00fdn z.s.","url":"https:\/\/lebedovskymlyn.cz\/en\/","logo":{"@type":"ImageObject","inLanguage":"en-GB","@id":"https:\/\/lebedovskymlyn.cz\/en\/#\/schema\/logo\/image\/","url":"https:\/\/lebedovskymlyn.cz\/wp-content\/uploads\/2022\/09\/lebedovskymlyn_hnedapng.png","contentUrl":"https:\/\/lebedovskymlyn.cz\/wp-content\/uploads\/2022\/09\/lebedovskymlyn_hnedapng.png","width":6396,"height":3896,"caption":"Lebedovsk\u00fd ml\u00fdn z.s."},"image":{"@id":"https:\/\/lebedovskymlyn.cz\/en\/#\/schema\/logo\/image\/"},"sameAs":["https:\/\/www.facebook.com\/profile.php?id=100063887830691"]}]}},"_links":{"self":[{"href":"https:\/\/lebedovskymlyn.cz\/en\/wp-json\/wp\/v2\/pages\/890","targetHints":{"allow":["GET"]}}],"collection":[{"href":"https:\/\/lebedovskymlyn.cz\/en\/wp-json\/wp\/v2\/pages"}],"about":[{"href":"https:\/\/lebedovskymlyn.cz\/en\/wp-json\/wp\/v2\/types\/page"}],"author":[{"embeddable":true,"href":"https:\/\/lebedovskymlyn.cz\/en\/wp-json\/wp\/v2\/users\/1"}],"replies":[{"embeddable":true,"href":"https:\/\/lebedovskymlyn.cz\/en\/wp-json\/wp\/v2\/comments?post=890"}],"version-history":[{"count":41,"href":"https:\/\/lebedovskymlyn.cz\/en\/wp-json\/wp\/v2\/pages\/890\/revisions"}],"predecessor-version":[{"id":5405,"href":"https:\/\/lebedovskymlyn.cz\/en\/wp-json\/wp\/v2\/pages\/890\/revisions\/5405"}],"wp:attachment":[{"href":"https:\/\/lebedovskymlyn.cz\/en\/wp-json\/wp\/v2\/media?parent=890"}],"curies":[{"name":"wp","href":"https:\/\/api.w.org\/{rel}","templated":true}]}}