{"id":2351,"date":"2022-07-22T15:53:03","date_gmt":"2022-07-22T15:53:03","guid":{"rendered":"https:\/\/nauthemes.com\/wp\/jocey\/?page_id=2351"},"modified":"2023-02-24T16:56:58","modified_gmt":"2023-02-24T16:56:58","slug":"spolupracujeme","status":"publish","type":"page","link":"https:\/\/lebedovskymlyn.cz\/en\/spolupracujeme\/","title":{"rendered":"Spolupracujeme"},"content":{"rendered":"<div data-elementor-type=\"wp-page\" data-elementor-id=\"2351\" class=\"elementor elementor-2351\">\n\t\t\t\t\t\t<section class=\"elementor-section elementor-top-section elementor-element elementor-element-d7e5929 elementor-section-full_width elementor-section-stretched elementor-section-height-default elementor-section-height-default\" data-id=\"d7e5929\" data-element_type=\"section\" data-e-type=\"section\" data-settings=\"{&quot;stretch_section&quot;:&quot;section-stretched&quot;}\">\n\t\t\t\t\t\t<div class=\"elementor-container elementor-column-gap-no\">\n\t\t\t\t\t<div class=\"elementor-column elementor-col-100 elementor-top-column elementor-element elementor-element-14066a7\" data-id=\"14066a7\" data-element_type=\"column\" data-e-type=\"column\">\n\t\t\t<div class=\"elementor-widget-wrap elementor-element-populated\">\n\t\t\t\t\t\t<div class=\"elementor-element elementor-element-b98fed2 elementor-widget elementor-widget-about_gallery\" data-id=\"b98fed2\" data-element_type=\"widget\" data-e-type=\"widget\" data-widget_type=\"about_gallery.default\">\n\t\t\t\t<div class=\"elementor-widget-container\">\n\t\t\t\t\t\n\t<section>\n\t\t<div class=\"w-100 pt-100  opc95 pb-100 position-relative\">\n\t\t\t\t\t\t<div class=\"container\">\n\t\t\t\t<div class=\"about-wrap2 position-relative w-100\">\n\t\t\t\t\t<div class=\"row mrg30\">\n\t\t\t\t\t\t<div class=\"col-md-12 col-sm-12 col-lg-6 order-lg-1\">\n\t\t\t\t\t\t\t<div class=\"about-gal w-100\">\n\t\t\t\t\t\t\t\t\t\t\t\t\t\t\t\t\t<div class=\"row align-items-end mrg20\">\n\t\t\t\t\t\t\t\t\t\t\t\t\t\t\t\t\t\t\t\t\t<div class=\"col-md-6 col-sm-6 col-lg-6\">\n\t\t\t\t\t\t\t\t\t\t\t\t<div class=\"about-gal-img brd-rd10 overflow-hidden position-relative w-100\">\n\t\t\t\t\t\t\t\t\t\t\t\t\t<a href=\"https:\/\/lebedovskymlyn.cz\/wp-content\/uploads\/2022\/09\/1-1.jpg\" data-fancybox=\"gallery\" title=\"\"><img decoding=\"async\" class=\"img-fluid w-100\" src=\"https:\/\/lebedovskymlyn.cz\/wp-content\/uploads\/2022\/09\/1-1.jpg\" alt=\"About Gallery Image 1\"><\/a>\n\t\t\t\t\t\t\t\t\t\t\t\t<\/div>\n\t\t\t\t\t\t\t\t\t\t\t<\/div>\n\t\t\t\t\t\t\t\t\t\t\t\t\t\t\t\t\t\t\t\t\t\t\t\t\t\t\t\t\t\t\t<div class=\"col-md-6 col-sm-6 col-lg-6\">\n\t\t\t\t\t\t\t\t\t\t\t\t<div class=\"about-gal-img brd-rd10 overflow-hidden position-relative w-100\">\n\t\t\t\t\t\t\t\t\t\t\t\t\t<a href=\"https:\/\/lebedovskymlyn.cz\/wp-content\/uploads\/2022\/09\/2-1.jpg\" data-fancybox=\"gallery\" title=\"\"><img decoding=\"async\" class=\"img-fluid w-100\" src=\"https:\/\/lebedovskymlyn.cz\/wp-content\/uploads\/2022\/09\/2-1.jpg\" alt=\"About Gallery Image 2\"><\/a>\n\t\t\t\t\t\t\t\t\t\t\t\t<\/div>\n\t\t\t\t\t\t\t\t\t\t\t<\/div>\n\t\t\t\t\t\t\t\t\t\t\t\t\t\t\t\t\t\t\t<\/div>\n\t\t\t\t\t\t\t\t\t\t\t\t\t\t\t\t\t\t\t\t\t\t\t\t\t<div class=\"row mrg20\">\n\t\t\t\t\t\t\t\t\t\t\n\t\t\t\t\t\t\t\t\t\t<div class=\"col-md-6 col-sm-6 col-lg-6\">\n\t\t\t\t\t\t\t\t\t\t\t<div class=\"about-gal-img brd-rd10 brd-rd10 overflow-hidden position-relative w-100\">\n\t\t\t\t\t\t\t\t\t\t\t\t<a href=\"https:\/\/lebedovskymlyn.cz\/wp-content\/uploads\/2022\/09\/3-2.jpg\" data-fancybox=\"gallery\" title=\"\"><img decoding=\"async\" class=\"img-fluid w-100\" src=\"https:\/\/lebedovskymlyn.cz\/wp-content\/uploads\/2022\/09\/3-2.jpg\" alt=\"About Gallery Image 3\"><\/a>\n\t\t\t\t\t\t\t\t\t\t\t<\/div>\n\t\t\t\t\t\t\t\t\t\t<\/div>\n\t\t\t\t\t\t\t\t\t\t\t\t\t\t\t\t\t\t\t\t\t\t\t\t\t\t\t\t<div class=\"col-md-6 col-sm-6 col-lg-6\">\n\t\t\t\t\t\t\t\t\t\t\t<div class=\"about-gal-img brd-rd10 overflow-hidden position-relative w-100\">\n\t\t\t\t\t\t\t\t\t\t\t\t\t\t\t\t\t\t\t\t\t\t\t\t<img decoding=\"async\" class=\"img-fluid w-100\" src=\"https:\/\/lebedovskymlyn.cz\/wp-content\/uploads\/2022\/09\/4-1.jpg\" alt=\"About Gallery Image 4\">\n\t\t\t\t\t\t\t\t\t\t\t<\/div>\n\t\t\t\t\t\t\t\t\t\t<\/div>\n\t\t\t\t\t\t\t\t\t\t\t\t\t\t\t\t\t\t\t<\/div>\n\t\t\t\t\t\t\t\t\t\t\t\t\t\t\t<\/div>\n\t\t\t\t\t\t<\/div>\n\t\t\t\t\t\n\t\t\t\t\t\t<div class=\"col-md-12 col-sm-12 col-lg-6\">\n\t\t\t\t\t\t\t<div class=\"about-desc w-100\">\n\t\t\t\t\t\t\t\t\t\t\t\t\t\t\t\t<h2 class=\"mb-0\">Na\u0161e <b>Spolupr\u00e1ce<\/b><\/h2>\t\t\t\t\t\t\t\t<strong>Abychom jsme se mohli i nad\u00e1le rozv\u00edjet, pot\u0159ebujeme kolem sebe lidi, kte\u0159\u00ed n\u00e1m v\u00a0tom pom\u00e1haj\u00ed.<\/strong>\t\t\t\t\t\t\t\t<p style=\"text-align: justify;\">Po\u0159\u00e1d se sna\u017e\u00edme nach\u00e1zet sm\u011br cesty po kter\u00e9 jdeme, nen\u00ed to jednoduch\u00e1 cesta, ale je kr\u00e1sn\u00e1 v tom, \u017ee pracovn\u00ed spolupr\u00e1ce p\u0159er\u016fst\u00e1 do p\u0159\u00e1telstv\u00ed...<\/p>\n\t\t\t\t\t\t\t\t<!-- Appointment Hours -->\n\t\t\t\t\t\t\t\t\t\t\t\t\t\t\t\t<!-- Appointment Hours Ends-->\n\t\t\t\t\t\t\t<\/div>\n\t\t\t\t\t\t<\/div>\n\t\t\t\t\t<\/div>\n\t\t\t\t<\/div><!-- About Wrap 2 -->\n\t\t\t<\/div>\n\t\t<\/div>\n\t<\/section>\n\t\n    \t\t\t\t<\/div>\n\t\t\t\t<\/div>\n\t\t\t\t\t<\/div>\n\t\t<\/div>\n\t\t\t\t\t<\/div>\n\t\t<\/section>\n\t\t\t\t<section class=\"elementor-section elementor-top-section elementor-element elementor-element-405f467e elementor-section-full_width elementor-section-stretched elementor-section-height-default elementor-section-height-default\" data-id=\"405f467e\" data-element_type=\"section\" data-e-type=\"section\" data-settings=\"{&quot;stretch_section&quot;:&quot;section-stretched&quot;,&quot;background_background&quot;:&quot;classic&quot;}\">\n\t\t\t\t\t\t<div class=\"elementor-container elementor-column-gap-no\">\n\t\t\t\t\t<div class=\"elementor-column elementor-col-100 elementor-top-column elementor-element elementor-element-3de3598\" data-id=\"3de3598\" data-element_type=\"column\" data-e-type=\"column\">\n\t\t\t<div class=\"elementor-widget-wrap elementor-element-populated\">\n\t\t\t\t\t\t<div class=\"elementor-element elementor-element-235bbcb elementor-widget elementor-widget-services_grid\" data-id=\"235bbcb\" data-element_type=\"widget\" data-e-type=\"widget\" data-widget_type=\"services_grid.default\">\n\t\t\t\t<div class=\"elementor-widget-container\">\n\t\t\t\t\t\t\n\t\t \n\t<section class = \"serv-grid\">\n\t\t<div class=\"w-100 pt-40 white-layer opc95 pb-100 position-relative\">\n\t\t\t<div class=\"container\">\n\t\t\t\t\t\t\t\t<div class=\"serv-wrap2 res-row position-relative w-100\">\n\t\t\t\t\t<div class=\"row mrg30\">\n\t\t\t\t\t\t\t\t\t\t\t\t\t\n\t\t\t\t\t\t\t\t<div class=\"col-md-6 col-sm-6 col-lg-4\">\n\t\t\t\t\t\t\t\t\t<div class=\"serv-box2 v2 position-relative w-100\">\n\t\t\t\t\t\t\t\t\t\t<div class=\"serv-img2 brd-rd10 position-relative overflow-hidden w-100\">\n\t\t\t\t\t\t\t\t\t\t\t\t\t\t\t\t\t\t\t\t\t\t\t<img decoding=\"async\" class=\"img-fluid w-100\" src=\"https:\/\/lebedovskymlyn.cz\/wp-content\/uploads\/bfi_thumb\/ZS-Oskol-pwd7hgrmv1k150kamev7tykzu7nr8exj0uinqoz9go.jpg\" alt=\"\">\n\t\t\t\t\t\t\t\t\t\t\t\t<a class=\"position-absolute\" href=\"https:\/\/lebedovskymlyn.cz\/en\/zsoskol\/\" title=\"\"><i class=\"flaticon-plus\"><\/i><\/a>\n\t\t\t\t\t\t\t\t\t\t\t\t\t\t\t\t\t\t\t\t\t<\/div>\n\t\t\t\t\t\t\t\t\t\t<div class=\"serv-info2 w-100 position-absolute\">\n\t\t\t\t\t\t\t\t\t\t\t<h3 class=\"mb-0\"><a href=\"https:\/\/lebedovskymlyn.cz\/en\/zsoskol\/\">D\u011bti z Montessori Z\u0160 Oskol na farm\u011b v Lebedov\u011b<\/a><\/h3>\n\t\t\t\t\t\t\t\t\t\t<\/div>\n\t\t\t\t\t\t\t\t\t<\/div>\n\t\t\t\t\t\t\t\t<\/div>\n\t\t\t\t\t\t\t\t\t\t\t\t\t\t\t\n\t\t\t\t\t\t\t\t<div class=\"col-md-6 col-sm-6 col-lg-4\">\n\t\t\t\t\t\t\t\t\t<div class=\"serv-box2 v2 position-relative w-100\">\n\t\t\t\t\t\t\t\t\t\t<div class=\"serv-img2 brd-rd10 position-relative overflow-hidden w-100\">\n\t\t\t\t\t\t\t\t\t\t\t\t\t\t\t\t\t\t\t\t\t\t\t<img decoding=\"async\" class=\"img-fluid w-100\" src=\"https:\/\/lebedovskymlyn.cz\/wp-content\/uploads\/bfi_thumb\/Vanda-Belinova-1-pwd7hftso7iqtelnrwgl9gtj8tse0ptsopv69f0nmw.jpg\" alt=\"\">\n\t\t\t\t\t\t\t\t\t\t\t\t<a class=\"position-absolute\" href=\"https:\/\/lebedovskymlyn.cz\/en\/vanda-belinova\/\" title=\"\"><i class=\"flaticon-plus\"><\/i><\/a>\n\t\t\t\t\t\t\t\t\t\t\t\t\t\t\t\t\t\t\t\t\t<\/div>\n\t\t\t\t\t\t\t\t\t\t<div class=\"serv-info2 w-100 position-absolute\">\n\t\t\t\t\t\t\t\t\t\t\t<h3 class=\"mb-0\"><a href=\"https:\/\/lebedovskymlyn.cz\/en\/vanda-belinova\/\">Vanda B\u011blinov\u00e1<\/a><\/h3>\n\t\t\t\t\t\t\t\t\t\t<\/div>\n\t\t\t\t\t\t\t\t\t<\/div>\n\t\t\t\t\t\t\t\t<\/div>\n\t\t\t\t\t\t\t\t\t\t\t\t\t\t\t\n\t\t\t\t\t\t\t\t<div class=\"col-md-6 col-sm-6 col-lg-4\">\n\t\t\t\t\t\t\t\t\t<div class=\"serv-box2 v2 position-relative w-100\">\n\t\t\t\t\t\t\t\t\t\t<div class=\"serv-img2 brd-rd10 position-relative overflow-hidden w-100\">\n\t\t\t\t\t\t\t\t\t\t\t\t\t\t\t\t\t\t\t\t\t\t\t<img decoding=\"async\" class=\"img-fluid w-100\" src=\"https:\/\/lebedovskymlyn.cz\/wp-content\/uploads\/bfi_thumb\/Nesvacil-1-pwg84uqa0fy9631yv4qxgxogvsxdiavbgf4fxtixew.jpg\" alt=\"\">\n\t\t\t\t\t\t\t\t\t\t\t\t<a class=\"position-absolute\" href=\"https:\/\/lebedovskymlyn.cz\/en\/jiri-nesvacil-st\/\" title=\"\"><i class=\"flaticon-plus\"><\/i><\/a>\n\t\t\t\t\t\t\t\t\t\t\t\t\t\t\t\t\t\t\t\t\t<\/div>\n\t\t\t\t\t\t\t\t\t\t<div class=\"serv-info2 w-100 position-absolute\">\n\t\t\t\t\t\t\t\t\t\t\t<h3 class=\"mb-0\"><a href=\"https:\/\/lebedovskymlyn.cz\/en\/jiri-nesvacil-st\/\">Ji\u0159\u00ed Nesva\u010dil st.<\/a><\/h3>\n\t\t\t\t\t\t\t\t\t\t<\/div>\n\t\t\t\t\t\t\t\t\t<\/div>\n\t\t\t\t\t\t\t\t<\/div>\n\t\t\t\t\t\t\t\t\t\t\t\t\t\t\t\n\t\t\t\t\t\t\t\t<div class=\"col-md-6 col-sm-6 col-lg-4\">\n\t\t\t\t\t\t\t\t\t<div class=\"serv-box2 v2 position-relative w-100\">\n\t\t\t\t\t\t\t\t\t\t<div class=\"serv-img2 brd-rd10 position-relative overflow-hidden w-100\">\n\t\t\t\t\t\t\t\t\t\t\t\t\t\t\t\t\t\t\t\t\t\t\t<img decoding=\"async\" class=\"img-fluid w-100\" src=\"https:\/\/lebedovskymlyn.cz\/wp-content\/uploads\/bfi_thumb\/4ff3ab1e-090c-4524-a60f-b67d00c18d86-rj8kylm01pak4eang1py6z7faxy6vqsu4twt7pyso8.jpg\" alt=\"\">\n\t\t\t\t\t\t\t\t\t\t\t\t<a class=\"position-absolute\" href=\"https:\/\/lebedovskymlyn.cz\/en\/eva-zaludkova\/\" title=\"\"><i class=\"flaticon-plus\"><\/i><\/a>\n\t\t\t\t\t\t\t\t\t\t\t\t\t\t\t\t\t\t\t\t\t<\/div>\n\t\t\t\t\t\t\t\t\t\t<div class=\"serv-info2 w-100 position-absolute\">\n\t\t\t\t\t\t\t\t\t\t\t<h3 class=\"mb-0\"><a href=\"https:\/\/lebedovskymlyn.cz\/en\/eva-zaludkova\/\">JVS Krasimo z.s.<\/a><\/h3>\n\t\t\t\t\t\t\t\t\t\t<\/div>\n\t\t\t\t\t\t\t\t\t<\/div>\n\t\t\t\t\t\t\t\t<\/div>\n\t\t\t\t\t\t\t\t\t\t\t\t\t\t\t\n\t\t\t\t\t\t\t\t<div class=\"col-md-6 col-sm-6 col-lg-4\">\n\t\t\t\t\t\t\t\t\t<div class=\"serv-box2 v2 position-relative w-100\">\n\t\t\t\t\t\t\t\t\t\t<div class=\"serv-img2 brd-rd10 position-relative overflow-hidden w-100\">\n\t\t\t\t\t\t\t\t\t\t\t\t\t\t\t\t\t\t\t\t\t\t\t<img decoding=\"async\" class=\"img-fluid w-100\" src=\"https:\/\/lebedovskymlyn.cz\/wp-content\/uploads\/bfi_thumb\/dfaf1645794c4bc5b62a8098c9d2141f_logo2-e1663954649930-pv72zvxgn32994s6s1dgugkajgglje7h3pxxcjf8a0.png\" alt=\"\">\n\t\t\t\t\t\t\t\t\t\t\t\t<a class=\"position-absolute\" href=\"https:\/\/lebedovskymlyn.cz\/en\/dalibor-gregor\/\" title=\"\"><i class=\"flaticon-plus\"><\/i><\/a>\n\t\t\t\t\t\t\t\t\t\t\t\t\t\t\t\t\t\t\t\t\t<\/div>\n\t\t\t\t\t\t\t\t\t\t<div class=\"serv-info2 w-100 position-absolute\">\n\t\t\t\t\t\t\t\t\t\t\t<h3 class=\"mb-0\"><a href=\"https:\/\/lebedovskymlyn.cz\/en\/dalibor-gregor\/\">Dalibor Gregor<\/a><\/h3>\n\t\t\t\t\t\t\t\t\t\t<\/div>\n\t\t\t\t\t\t\t\t\t<\/div>\n\t\t\t\t\t\t\t\t<\/div>\n\t\t\t\t\t\t\t\t\t\t\t\t<\/div>\n\t\t\t\t<\/div><!-- Services Wrap 2 -->\n\t\t\t\t\t\t\t<\/div>\n\t\t<\/div>\n\t<\/section>\n\t\n\t\t\n\t\t\n\t\n    \t\t\t\t<\/div>\n\t\t\t\t<\/div>\n\t\t\t\t\t<\/div>\n\t\t<\/div>\n\t\t\t\t\t<\/div>\n\t\t<\/section>\n\t\t\t\t<\/div>","protected":false},"excerpt":{"rendered":"<p>Na\u0161e Spolupr\u00e1ce Abychom jsme se mohli i nad\u00e1le rozv\u00edjet, pot\u0159ebujeme kolem sebe lidi, kte\u0159\u00ed n\u00e1m v\u00a0tom pom\u00e1haj\u00ed. Po\u0159\u00e1d se sna\u017e\u00edme nach\u00e1zet sm\u011br cesty po kter\u00e9 jdeme, nen\u00ed to jednoduch\u00e1 cesta, ale je kr\u00e1sn\u00e1 v tom, \u017ee pracovn\u00ed spolupr\u00e1ce p\u0159er\u016fst\u00e1 do p\u0159\u00e1telstv\u00ed&#8230; D\u011bti z Montessori Z\u0160 Oskol na farm\u011b v Lebedov\u011b [&hellip;]<\/p>","protected":false},"author":1,"featured_media":0,"parent":0,"menu_order":0,"comment_status":"closed","ping_status":"closed","template":"","meta":{"footnotes":""},"class_list":["post-2351","page","type-page","status-publish","hentry"],"yoast_head":"<!-- This site is optimized with the Yoast SEO plugin v27.4 - https:\/\/yoast.com\/product\/yoast-seo-wordpress\/ -->\n<title>Spolupracujeme - Lebedovsk\u00fd ml\u00fdn, H\u0159eb\u010d\u00edn Galat\u00edk<\/title>\n<meta name=\"description\" content=\"M\u00edsto, kde najdete h\u0159eb\u010d\u00edn, ml\u00e9k\u00e1rnu a kr\u00e1sn\u00e9 prost\u0159ed\u00ed. Chov plemenn\u00fdch h\u0159ebc\u016f moravsk\u00e9ho teplokrevn\u00edka. Lebedov 108, 768 02. H\u0159eb\u010d\u00edn Galat\u00edk are\u00e1l Lebedovsk\u00fd ml\u00fdn.\" \/>\n<meta name=\"robots\" content=\"index, follow, max-snippet:-1, max-image-preview:large, max-video-preview:-1\" \/>\n<link rel=\"canonical\" href=\"https:\/\/lebedovskymlyn.cz\/en\/spolupracujeme\/\" \/>\n<meta property=\"og:locale\" content=\"en_GB\" \/>\n<meta property=\"og:type\" content=\"article\" \/>\n<meta property=\"og:title\" content=\"Lebedovsk\u00fd ml\u00fdn, H\u0159eb\u010d\u00edn Galat\u00edk are\u00e1l Lebedosdk\u00fd ml\u00fdn\" \/>\n<meta property=\"og:description\" content=\"M\u00edsto, kde najdete h\u0159eb\u010d\u00edn, ml\u00e9k\u00e1rnu a kr\u00e1sn\u00e9 prost\u0159ed\u00ed. Chov plemenn\u00fdch h\u0159ebc\u016f moravsk\u00e9ho teplokrevn\u00edka. Lebedov 108, 768 02. H\u0159eb\u010d\u00edn Galat\u00edk are\u00e1l Lebedovsk\u00fd ml\u00fdn.\" \/>\n<meta property=\"og:url\" content=\"https:\/\/lebedovskymlyn.cz\/en\/spolupracujeme\/\" \/>\n<meta property=\"og:site_name\" content=\"Lebedovsk\u00fd ml\u00fdn, H\u0159eb\u010d\u00edn Galat\u00edk\" \/>\n<meta property=\"article:publisher\" content=\"https:\/\/www.facebook.com\/profile.php?id=100063887830691\" \/>\n<meta property=\"article:modified_time\" content=\"2023-02-24T16:56:58+00:00\" \/>\n<meta property=\"og:image\" content=\"https:\/\/lebedovskymlyn.cz\/wp-content\/uploads\/2022\/09\/lebedovskymlyn_hnedapng.png\" \/>\n\t<meta property=\"og:image:width\" content=\"6396\" \/>\n\t<meta property=\"og:image:height\" content=\"3896\" \/>\n\t<meta property=\"og:image:type\" content=\"image\/png\" \/>\n<meta name=\"twitter:card\" content=\"summary_large_image\" \/>\n<meta name=\"twitter:label1\" content=\"Estimated reading time\" \/>\n\t<meta name=\"twitter:data1\" content=\"3 minutes\" \/>\n<script type=\"application\/ld+json\" class=\"yoast-schema-graph\">{\"@context\":\"https:\\\/\\\/schema.org\",\"@graph\":[{\"@type\":\"WebPage\",\"@id\":\"https:\\\/\\\/lebedovskymlyn.cz\\\/en\\\/spolupracujeme\\\/\",\"url\":\"https:\\\/\\\/lebedovskymlyn.cz\\\/en\\\/spolupracujeme\\\/\",\"name\":\"Spolupracujeme - Lebedovsk\u00fd ml\u00fdn, H\u0159eb\u010d\u00edn Galat\u00edk\",\"isPartOf\":{\"@id\":\"https:\\\/\\\/lebedovskymlyn.cz\\\/en\\\/#website\"},\"primaryImageOfPage\":{\"@id\":\"https:\\\/\\\/lebedovskymlyn.cz\\\/en\\\/spolupracujeme\\\/#primaryimage\"},\"image\":{\"@id\":\"https:\\\/\\\/lebedovskymlyn.cz\\\/en\\\/spolupracujeme\\\/#primaryimage\"},\"thumbnailUrl\":\"https:\\\/\\\/lebedovskymlyn.cz\\\/wp-content\\\/uploads\\\/2022\\\/09\\\/1-1.jpg\",\"datePublished\":\"2022-07-22T15:53:03+00:00\",\"dateModified\":\"2023-02-24T16:56:58+00:00\",\"description\":\"M\u00edsto, kde najdete h\u0159eb\u010d\u00edn, ml\u00e9k\u00e1rnu a kr\u00e1sn\u00e9 prost\u0159ed\u00ed. Chov plemenn\u00fdch h\u0159ebc\u016f moravsk\u00e9ho teplokrevn\u00edka. Lebedov 108, 768 02. H\u0159eb\u010d\u00edn Galat\u00edk are\u00e1l Lebedovsk\u00fd ml\u00fdn.\",\"breadcrumb\":{\"@id\":\"https:\\\/\\\/lebedovskymlyn.cz\\\/en\\\/spolupracujeme\\\/#breadcrumb\"},\"inLanguage\":\"en-GB\",\"potentialAction\":[{\"@type\":\"ReadAction\",\"target\":[\"https:\\\/\\\/lebedovskymlyn.cz\\\/en\\\/spolupracujeme\\\/\"]}]},{\"@type\":\"ImageObject\",\"inLanguage\":\"en-GB\",\"@id\":\"https:\\\/\\\/lebedovskymlyn.cz\\\/en\\\/spolupracujeme\\\/#primaryimage\",\"url\":\"https:\\\/\\\/lebedovskymlyn.cz\\\/wp-content\\\/uploads\\\/2022\\\/09\\\/1-1.jpg\",\"contentUrl\":\"https:\\\/\\\/lebedovskymlyn.cz\\\/wp-content\\\/uploads\\\/2022\\\/09\\\/1-1.jpg\"},{\"@type\":\"BreadcrumbList\",\"@id\":\"https:\\\/\\\/lebedovskymlyn.cz\\\/en\\\/spolupracujeme\\\/#breadcrumb\",\"itemListElement\":[{\"@type\":\"ListItem\",\"position\":1,\"name\":\"Dom\u016f\",\"item\":\"https:\\\/\\\/lebedovskymlyn.cz\\\/\"},{\"@type\":\"ListItem\",\"position\":2,\"name\":\"Spolupracujeme\"}]},{\"@type\":\"WebSite\",\"@id\":\"https:\\\/\\\/lebedovskymlyn.cz\\\/en\\\/#website\",\"url\":\"https:\\\/\\\/lebedovskymlyn.cz\\\/en\\\/\",\"name\":\"Lebedovsk\u00fd ml\u00fdn, H\u0159eb\u010d\u00edn Galat\u00edk\",\"description\":\"Lebedovsk\u00fd ml\u00fdn, H\u0159eb\u010d\u00edn Galat\u00edk are\u00e1l Lebedosdk\u00fd ml\u00fdn\",\"publisher\":{\"@id\":\"https:\\\/\\\/lebedovskymlyn.cz\\\/en\\\/#organization\"},\"potentialAction\":[{\"@type\":\"SearchAction\",\"target\":{\"@type\":\"EntryPoint\",\"urlTemplate\":\"https:\\\/\\\/lebedovskymlyn.cz\\\/en\\\/?s={search_term_string}\"},\"query-input\":{\"@type\":\"PropertyValueSpecification\",\"valueRequired\":true,\"valueName\":\"search_term_string\"}}],\"inLanguage\":\"en-GB\"},{\"@type\":\"Organization\",\"@id\":\"https:\\\/\\\/lebedovskymlyn.cz\\\/en\\\/#organization\",\"name\":\"Lebedovsk\u00fd ml\u00fdn z.s.\",\"url\":\"https:\\\/\\\/lebedovskymlyn.cz\\\/en\\\/\",\"logo\":{\"@type\":\"ImageObject\",\"inLanguage\":\"en-GB\",\"@id\":\"https:\\\/\\\/lebedovskymlyn.cz\\\/en\\\/#\\\/schema\\\/logo\\\/image\\\/\",\"url\":\"https:\\\/\\\/lebedovskymlyn.cz\\\/wp-content\\\/uploads\\\/2022\\\/09\\\/lebedovskymlyn_hnedapng.png\",\"contentUrl\":\"https:\\\/\\\/lebedovskymlyn.cz\\\/wp-content\\\/uploads\\\/2022\\\/09\\\/lebedovskymlyn_hnedapng.png\",\"width\":6396,\"height\":3896,\"caption\":\"Lebedovsk\u00fd ml\u00fdn z.s.\"},\"image\":{\"@id\":\"https:\\\/\\\/lebedovskymlyn.cz\\\/en\\\/#\\\/schema\\\/logo\\\/image\\\/\"},\"sameAs\":[\"https:\\\/\\\/www.facebook.com\\\/profile.php?id=100063887830691\"]}]}<\/script>\n<!-- \/ Yoast SEO plugin. -->","yoast_head_json":{"title":"Spolupracujeme - Lebedovsk\u00fd ml\u00fdn, H\u0159eb\u010d\u00edn Galat\u00edk","description":"M\u00edsto, kde najdete h\u0159eb\u010d\u00edn, ml\u00e9k\u00e1rnu a kr\u00e1sn\u00e9 prost\u0159ed\u00ed. Chov plemenn\u00fdch h\u0159ebc\u016f moravsk\u00e9ho teplokrevn\u00edka. Lebedov 108, 768 02. H\u0159eb\u010d\u00edn Galat\u00edk are\u00e1l Lebedovsk\u00fd ml\u00fdn.","robots":{"index":"index","follow":"follow","max-snippet":"max-snippet:-1","max-image-preview":"max-image-preview:large","max-video-preview":"max-video-preview:-1"},"canonical":"https:\/\/lebedovskymlyn.cz\/en\/spolupracujeme\/","og_locale":"en_GB","og_type":"article","og_title":"Lebedovsk\u00fd ml\u00fdn, H\u0159eb\u010d\u00edn Galat\u00edk are\u00e1l Lebedosdk\u00fd ml\u00fdn","og_description":"M\u00edsto, kde najdete h\u0159eb\u010d\u00edn, ml\u00e9k\u00e1rnu a kr\u00e1sn\u00e9 prost\u0159ed\u00ed. Chov plemenn\u00fdch h\u0159ebc\u016f moravsk\u00e9ho teplokrevn\u00edka. Lebedov 108, 768 02. H\u0159eb\u010d\u00edn Galat\u00edk are\u00e1l Lebedovsk\u00fd ml\u00fdn.","og_url":"https:\/\/lebedovskymlyn.cz\/en\/spolupracujeme\/","og_site_name":"Lebedovsk\u00fd ml\u00fdn, H\u0159eb\u010d\u00edn Galat\u00edk","article_publisher":"https:\/\/www.facebook.com\/profile.php?id=100063887830691","article_modified_time":"2023-02-24T16:56:58+00:00","og_image":[{"width":6396,"height":3896,"url":"https:\/\/lebedovskymlyn.cz\/wp-content\/uploads\/2022\/09\/lebedovskymlyn_hnedapng.png","type":"image\/png"}],"twitter_card":"summary_large_image","twitter_misc":{"Estimated reading time":"3 minutes"},"schema":{"@context":"https:\/\/schema.org","@graph":[{"@type":"WebPage","@id":"https:\/\/lebedovskymlyn.cz\/en\/spolupracujeme\/","url":"https:\/\/lebedovskymlyn.cz\/en\/spolupracujeme\/","name":"Spolupracujeme - Lebedovsk\u00fd ml\u00fdn, H\u0159eb\u010d\u00edn Galat\u00edk","isPartOf":{"@id":"https:\/\/lebedovskymlyn.cz\/en\/#website"},"primaryImageOfPage":{"@id":"https:\/\/lebedovskymlyn.cz\/en\/spolupracujeme\/#primaryimage"},"image":{"@id":"https:\/\/lebedovskymlyn.cz\/en\/spolupracujeme\/#primaryimage"},"thumbnailUrl":"https:\/\/lebedovskymlyn.cz\/wp-content\/uploads\/2022\/09\/1-1.jpg","datePublished":"2022-07-22T15:53:03+00:00","dateModified":"2023-02-24T16:56:58+00:00","description":"M\u00edsto, kde najdete h\u0159eb\u010d\u00edn, ml\u00e9k\u00e1rnu a kr\u00e1sn\u00e9 prost\u0159ed\u00ed. Chov plemenn\u00fdch h\u0159ebc\u016f moravsk\u00e9ho teplokrevn\u00edka. Lebedov 108, 768 02. H\u0159eb\u010d\u00edn Galat\u00edk are\u00e1l Lebedovsk\u00fd ml\u00fdn.","breadcrumb":{"@id":"https:\/\/lebedovskymlyn.cz\/en\/spolupracujeme\/#breadcrumb"},"inLanguage":"en-GB","potentialAction":[{"@type":"ReadAction","target":["https:\/\/lebedovskymlyn.cz\/en\/spolupracujeme\/"]}]},{"@type":"ImageObject","inLanguage":"en-GB","@id":"https:\/\/lebedovskymlyn.cz\/en\/spolupracujeme\/#primaryimage","url":"https:\/\/lebedovskymlyn.cz\/wp-content\/uploads\/2022\/09\/1-1.jpg","contentUrl":"https:\/\/lebedovskymlyn.cz\/wp-content\/uploads\/2022\/09\/1-1.jpg"},{"@type":"BreadcrumbList","@id":"https:\/\/lebedovskymlyn.cz\/en\/spolupracujeme\/#breadcrumb","itemListElement":[{"@type":"ListItem","position":1,"name":"Dom\u016f","item":"https:\/\/lebedovskymlyn.cz\/"},{"@type":"ListItem","position":2,"name":"Spolupracujeme"}]},{"@type":"WebSite","@id":"https:\/\/lebedovskymlyn.cz\/en\/#website","url":"https:\/\/lebedovskymlyn.cz\/en\/","name":"Lebedovsk\u00fd ml\u00fdn, H\u0159eb\u010d\u00edn Galat\u00edk","description":"Lebedovsk\u00fd ml\u00fdn, H\u0159eb\u010d\u00edn Galat\u00edk are\u00e1l Lebedosdk\u00fd ml\u00fdn","publisher":{"@id":"https:\/\/lebedovskymlyn.cz\/en\/#organization"},"potentialAction":[{"@type":"SearchAction","target":{"@type":"EntryPoint","urlTemplate":"https:\/\/lebedovskymlyn.cz\/en\/?s={search_term_string}"},"query-input":{"@type":"PropertyValueSpecification","valueRequired":true,"valueName":"search_term_string"}}],"inLanguage":"en-GB"},{"@type":"Organization","@id":"https:\/\/lebedovskymlyn.cz\/en\/#organization","name":"Lebedovsk\u00fd ml\u00fdn z.s.","url":"https:\/\/lebedovskymlyn.cz\/en\/","logo":{"@type":"ImageObject","inLanguage":"en-GB","@id":"https:\/\/lebedovskymlyn.cz\/en\/#\/schema\/logo\/image\/","url":"https:\/\/lebedovskymlyn.cz\/wp-content\/uploads\/2022\/09\/lebedovskymlyn_hnedapng.png","contentUrl":"https:\/\/lebedovskymlyn.cz\/wp-content\/uploads\/2022\/09\/lebedovskymlyn_hnedapng.png","width":6396,"height":3896,"caption":"Lebedovsk\u00fd ml\u00fdn z.s."},"image":{"@id":"https:\/\/lebedovskymlyn.cz\/en\/#\/schema\/logo\/image\/"},"sameAs":["https:\/\/www.facebook.com\/profile.php?id=100063887830691"]}]}},"_links":{"self":[{"href":"https:\/\/lebedovskymlyn.cz\/en\/wp-json\/wp\/v2\/pages\/2351","targetHints":{"allow":["GET"]}}],"collection":[{"href":"https:\/\/lebedovskymlyn.cz\/en\/wp-json\/wp\/v2\/pages"}],"about":[{"href":"https:\/\/lebedovskymlyn.cz\/en\/wp-json\/wp\/v2\/types\/page"}],"author":[{"embeddable":true,"href":"https:\/\/lebedovskymlyn.cz\/en\/wp-json\/wp\/v2\/users\/1"}],"replies":[{"embeddable":true,"href":"https:\/\/lebedovskymlyn.cz\/en\/wp-json\/wp\/v2\/comments?post=2351"}],"version-history":[{"count":58,"href":"https:\/\/lebedovskymlyn.cz\/en\/wp-json\/wp\/v2\/pages\/2351\/revisions"}],"predecessor-version":[{"id":4884,"href":"https:\/\/lebedovskymlyn.cz\/en\/wp-json\/wp\/v2\/pages\/2351\/revisions\/4884"}],"wp:attachment":[{"href":"https:\/\/lebedovskymlyn.cz\/en\/wp-json\/wp\/v2\/media?parent=2351"}],"curies":[{"name":"wp","href":"https:\/\/api.w.org\/{rel}","templated":true}]}}